{"id":4458,"date":"2026-02-09T10:59:55","date_gmt":"2026-02-09T08:59:55","guid":{"rendered":"https:\/\/cciif.org\/publier-une-offre\/"},"modified":"2026-04-11T22:43:07","modified_gmt":"2026-04-11T19:43:07","slug":"publier-une-offre","status":"publish","type":"page","link":"https:\/\/cciif.org\/fr\/publier-une-offre\/","title":{"rendered":"PUBLIER UNE OFFRE"},"content":{"rendered":"\t\t<div data-elementor-type=\"wp-page\" data-elementor-id=\"4458\" class=\"elementor elementor-4458 elementor-2790\">\n\t\t\t\t\t\t<section class=\"elementor-section elementor-top-section elementor-element elementor-element-2cfb6a5 elementor-section-boxed elementor-section-height-default elementor-section-height-default\" data-id=\"2cfb6a5\" data-element_type=\"section\" data-e-type=\"section\">\n\t\t\t\t\t\t<div class=\"elementor-container elementor-column-gap-default\">\n\t\t\t\t\t<div class=\"elementor-column elementor-col-100 elementor-top-column elementor-element elementor-element-0e8f959\" data-id=\"0e8f959\" data-element_type=\"column\" data-e-type=\"column\">\n\t\t\t<div class=\"elementor-widget-wrap elementor-element-populated\">\n\t\t\t\t\t\t<div class=\"elementor-element elementor-element-d2ebff1 elementor-widget elementor-widget-spacer\" data-id=\"d2ebff1\" data-element_type=\"widget\" data-e-type=\"widget\" data-widget_type=\"spacer.default\">\n\t\t\t\t\t\t\t<div class=\"elementor-spacer\">\n\t\t\t<div class=\"elementor-spacer-inner\"><\/div>\n\t\t<\/div>\n\t\t\t\t\t\t<\/div>\n\t\t\t\t<div class=\"elementor-element elementor-element-287d8a1 elementor-widget elementor-widget-text-editor\" data-id=\"287d8a1\" data-element_type=\"widget\" data-e-type=\"widget\" data-widget_type=\"text-editor.default\">\n\t\t\t\t\t\t\t\t\t<p style=\"text-align: center;\">Si vous souhaitez proposer un poste, veuillez soumettre une demande en utilisant le formulaire ci-dessous.<\/p>\t\t\t\t\t\t\t\t<\/div>\n\t\t\t\t<div class=\"elementor-element elementor-element-2ed024f elementor-widget elementor-widget-shortcode\" data-id=\"2ed024f\" data-element_type=\"widget\" data-e-type=\"widget\" data-widget_type=\"shortcode.default\">\n\t\t\t\t\t\t\t<div class=\"elementor-shortcode\">\n<div class=\"wpcf7 no-js\" id=\"wpcf7-f4408-o1\" lang=\"fr-FR\" dir=\"ltr\" data-wpcf7-id=\"4408\">\n<div class=\"screen-reader-response\"><p role=\"status\" aria-live=\"polite\" aria-atomic=\"true\"><\/p> <ul><\/ul><\/div>\n<form action=\"\/fr\/wp-json\/wp\/v2\/pages\/4458#wpcf7-f4408-o1\" method=\"post\" class=\"wpcf7-form init\" aria-label=\"Contact form\" novalidate=\"novalidate\" data-status=\"init\">\n<fieldset class=\"hidden-fields-container\"><input type=\"hidden\" name=\"_wpcf7\" value=\"4408\" \/><input type=\"hidden\" name=\"_wpcf7_version\" value=\"6.1.5\" \/><input type=\"hidden\" name=\"_wpcf7_locale\" value=\"\" \/><input type=\"hidden\" name=\"_wpcf7_unit_tag\" value=\"wpcf7-f4408-o1\" \/><input type=\"hidden\" name=\"_wpcf7_container_post\" value=\"0\" \/><input type=\"hidden\" name=\"_wpcf7_posted_data_hash\" value=\"\" \/>\n<\/fieldset>\n<div class=\"form-row\">\n  <div class=\"form-col\">\n    <label>Entreprise\n<span class=\"wpcf7-form-control-wrap\" data-name=\"entreprise\"><input size=\"40\" maxlength=\"400\" class=\"wpcf7-form-control wpcf7-text wpcf7-validates-as-required\" aria-required=\"true\" aria-invalid=\"false\" placeholder=\"Entreprise\" value=\"\" type=\"text\" name=\"entreprise\" \/><\/span>\n    <\/label>\n  <\/div>\n\n  <div class=\"form-col\">\n    <label>Poste propos\u00e9\n<span class=\"wpcf7-form-control-wrap\" data-name=\"position_offered\"><input size=\"40\" maxlength=\"400\" class=\"wpcf7-form-control wpcf7-text wpcf7-validates-as-required\" aria-required=\"true\" aria-invalid=\"false\" placeholder=\"Poste propos\u00e9\" value=\"\" type=\"text\" name=\"position_offered\" \/><\/span>\n    <\/label>\n  <\/div>\n<\/div>\n\n<div class=\"form-row\">\n  <div class=\"form-col\">\n    <label>Coordonn\u00e9es\n<span class=\"wpcf7-form-control-wrap\" data-name=\"contact_details\"><input size=\"40\" maxlength=\"400\" class=\"wpcf7-form-control wpcf7-text wpcf7-validates-as-required\" aria-required=\"true\" aria-invalid=\"false\" placeholder=\"Adresse email ou num\u00e9ro de t\u00e9l\u00e9phone\" value=\"\" type=\"text\" name=\"contact_details\" \/><\/span>\n    <\/label>\n  <\/div>\n\n  <div class=\"form-col\">\n    <label>Adresse de l'entreprise\n<span class=\"wpcf7-form-control-wrap\" data-name=\"company_address\"><input size=\"40\" maxlength=\"400\" class=\"wpcf7-form-control wpcf7-text\" aria-invalid=\"false\" placeholder=\"Adresse de l&#039;entreprise\" value=\"\" type=\"text\" name=\"company_address\" \/><\/span>\n    <\/label>\n  <\/div>\n<\/div>\n\n<div class=\"form-row\">\n  <div class=\"form-col\">\n    <label>Type de contrat\n<span class=\"wpcf7-form-control-wrap\" data-name=\"type_of_contract\"><input size=\"40\" maxlength=\"400\" class=\"wpcf7-form-control wpcf7-text\" aria-invalid=\"false\" placeholder=\"Type de contrat\" value=\"\" type=\"text\" name=\"type_of_contract\" \/><\/span>\n    <\/label>\n  <\/div>\n\n  <div class=\"form-col\">\n    <label>Niveau d'exp\u00e9rience\n<span class=\"wpcf7-form-control-wrap\" data-name=\"experience_level\"><select class=\"wpcf7-form-control wpcf7-select wpcf7-validates-as-required\" aria-required=\"true\" aria-invalid=\"false\" name=\"experience_level\"><option value=\"D\u00e9butant\">D\u00e9butant<\/option><option value=\"Interm\u00e9diaire\">Interm\u00e9diaire<\/option><option value=\"Senior\">Senior<\/option><option value=\"Expert\">Expert<\/option><\/select><\/span>\n    <\/label>\n  <\/div>\n<\/div>\n\n<div class=\"form-row\">\n  <div class=\"form-col\">\n    <label>Comp\u00e9tences ou qualifications\n<span class=\"wpcf7-form-control-wrap\" data-name=\"skills\"><input size=\"40\" maxlength=\"400\" class=\"wpcf7-form-control wpcf7-text\" aria-invalid=\"false\" placeholder=\"Comp\u00e9tences ou qualifications\" value=\"\" type=\"text\" name=\"skills\" \/><\/span>\n    <\/label>\n  <\/div>\n\n  <div class=\"form-col\">\n    <label>R\u00e9f\u00e9rence de l'offre\n<span class=\"wpcf7-form-control-wrap\" data-name=\"offer_reference\"><input size=\"40\" maxlength=\"400\" class=\"wpcf7-form-control wpcf7-text\" aria-invalid=\"false\" placeholder=\"R\u00e9f\u00e9rence de l&#039;offre\" value=\"\" type=\"text\" name=\"offer_reference\" \/><\/span>\n    <\/label>\n  <\/div>\n<\/div>\n\n<div class=\"form-row\">\n  <div class=\"form-col full\">\n    <label>Description\n<span class=\"wpcf7-form-control-wrap\" data-name=\"description\"><textarea cols=\"40\" rows=\"10\" maxlength=\"2000\" class=\"wpcf7-form-control wpcf7-textarea wpcf7-validates-as-required\" aria-required=\"true\" aria-invalid=\"false\" placeholder=\"Description\" name=\"description\"><\/textarea><\/span>\n    <\/label>\n  <\/div>\n<\/div>\n\n<div class=\"form-row\">\n  <div class=\"form-col\">\n    <label>Langues<\/label>\n    <span class=\"wpcf7-form-control-wrap\" data-name=\"languages\"><span class=\"wpcf7-form-control wpcf7-checkbox\"><span class=\"wpcf7-list-item first\"><label><input type=\"checkbox\" name=\"languages[]\" value=\"Fran\u00e7ais\" \/><span class=\"wpcf7-list-item-label\">Fran\u00e7ais<\/span><\/label><\/span><span class=\"wpcf7-list-item\"><label><input type=\"checkbox\" name=\"languages[]\" value=\"Anglais\" \/><span class=\"wpcf7-list-item-label\">Anglais<\/span><\/label><\/span><span class=\"wpcf7-list-item\"><label><input type=\"checkbox\" name=\"languages[]\" value=\"H\u00e9breu\" \/><span class=\"wpcf7-list-item-label\">H\u00e9breu<\/span><\/label><\/span><span class=\"wpcf7-list-item last\"><label><input type=\"checkbox\" name=\"languages[]\" value=\"Autre\" \/><span class=\"wpcf7-list-item-label\">Autre<\/span><\/label><\/span><\/span><\/span>\n  <\/div>\n\n  <div class=\"form-col\">\n    <label>Date de d\u00e9but\n      <span class=\"wpcf7-form-control-wrap\" data-name=\"starting_date\"><input class=\"wpcf7-form-control wpcf7-date wpcf7-validates-as-date\" aria-invalid=\"false\" value=\"\" type=\"date\" name=\"starting_date\" \/><\/span>\n    <\/label>\n  <\/div>\n<\/div>\n\n<input class=\"wpcf7-form-control wpcf7-submit has-spinner\" type=\"submit\" value=\"ENVOYER\" \/><p style=\"display: none !important;\" class=\"akismet-fields-container\" data-prefix=\"_wpcf7_ak_\"><label>&#916;<textarea name=\"_wpcf7_ak_hp_textarea\" cols=\"45\" rows=\"8\" maxlength=\"100\"><\/textarea><\/label><input type=\"hidden\" id=\"ak_js_1\" name=\"_wpcf7_ak_js\" value=\"83\"\/><script type=\"text\/javascript\">\n\/* <![CDATA[ *\/\ndocument.getElementById( \"ak_js_1\" ).setAttribute( \"value\", ( new Date() ).getTime() );\n\/* ]]> *\/\n<\/script>\n<\/p><div class=\"wpcf7-response-output\" aria-hidden=\"true\"><\/div>\n<\/form>\n<\/div>\n<\/div>\n\t\t\t\t\t\t<\/div>\n\t\t\t\t\t<\/div>\n\t\t<\/div>\n\t\t\t\t\t<\/div>\n\t\t<\/section>\n\t\t\t\t<section class=\"elementor-section elementor-top-section elementor-element elementor-element-9e6492b elementor-section-boxed elementor-section-height-default elementor-section-height-default\" data-id=\"9e6492b\" data-element_type=\"section\" data-e-type=\"section\">\n\t\t\t\t\t\t<div class=\"elementor-container elementor-column-gap-default\">\n\t\t\t\t\t<div class=\"elementor-column elementor-col-100 elementor-top-column elementor-element elementor-element-9c02f41\" data-id=\"9c02f41\" data-element_type=\"column\" data-e-type=\"column\">\n\t\t\t<div class=\"elementor-widget-wrap elementor-element-populated\">\n\t\t\t\t\t\t<div class=\"elementor-element elementor-element-ad13bf5 elementor-widget elementor-widget-spacer\" data-id=\"ad13bf5\" data-element_type=\"widget\" data-e-type=\"widget\" data-widget_type=\"spacer.default\">\n\t\t\t\t\t\t\t<div class=\"elementor-spacer\">\n\t\t\t<div class=\"elementor-spacer-inner\"><\/div>\n\t\t<\/div>\n\t\t\t\t\t\t<\/div>\n\t\t\t\t\t<\/div>\n\t\t<\/div>\n\t\t\t\t\t<\/div>\n\t\t<\/section>\n\t\t\t\t<section class=\"elementor-section elementor-top-section elementor-element elementor-element-8fca1d0 elementor-section-boxed elementor-section-height-default elementor-section-height-default\" data-id=\"8fca1d0\" data-element_type=\"section\" data-e-type=\"section\">\n\t\t\t\t\t\t<div class=\"elementor-container elementor-column-gap-default\">\n\t\t\t\t\t<div class=\"elementor-column elementor-col-100 elementor-top-column elementor-element elementor-element-2440731\" data-id=\"2440731\" data-element_type=\"column\" data-e-type=\"column\">\n\t\t\t<div class=\"elementor-widget-wrap elementor-element-populated\">\n\t\t\t\t\t\t<div class=\"elementor-element elementor-element-7ca557a elementor-widget elementor-widget-spacer\" data-id=\"7ca557a\" data-element_type=\"widget\" data-e-type=\"widget\" data-widget_type=\"spacer.default\">\n\t\t\t\t\t\t\t<div class=\"elementor-spacer\">\n\t\t\t<div class=\"elementor-spacer-inner\"><\/div>\n\t\t<\/div>\n\t\t\t\t\t\t<\/div>\n\t\t\t\t\t<\/div>\n\t\t<\/div>\n\t\t\t\t\t<\/div>\n\t\t<\/section>\n\t\t\t\t<\/div>\n\t\t","protected":false},"excerpt":{"rendered":"<p>Si vous souhaitez proposer un poste, veuillez soumettre une demande en utilisant le formulaire ci-dessous.<\/p>\n","protected":false},"author":275977639,"featured_media":0,"parent":0,"menu_order":0,"comment_status":"closed","ping_status":"closed","template":"","meta":{"_crdt_document":"","advanced_seo_description":"","jetpack_seo_html_title":"","jetpack_seo_noindex":false,"_price":"","_stock":"","_tribe_ticket_header":"","_tribe_default_ticket_provider":"","_tribe_ticket_capacity":"","_ticket_start_date":"","_ticket_end_date":"","_tribe_ticket_show_description":"","_tribe_ticket_show_not_going":false,"_tribe_ticket_use_global_stock":"","_tribe_ticket_global_stock_level":"","_global_stock_mode":"","_global_stock_cap":"","_tribe_rsvp_for_event":"","_tribe_ticket_going_count":"","_tribe_ticket_not_going_count":"","_tribe_tickets_list":"[]","_tribe_ticket_has_attendee_info_fields":false,"footnotes":""},"class_list":["post-4458","page","type-page","status-publish","hentry"],"jetpack_likes_enabled":true,"jetpack_sharing_enabled":true,"jetpack_shortlink":"https:\/\/wp.me\/Ph24nP-19U","jetpack-related-posts":[{"id":4347,"url":"https:\/\/cciif.org\/fr\/politique-de-services\/","url_meta":{"origin":4458,"position":0},"title":"POLITIQUE DE SERVICES","author":"webmaster","date":"09\/04\/2026","format":false,"excerpt":"Politique de services du CCIIF \u2013 Mars 2026 Si le bureau de la CCIIF est sollicit\u00e9 pour des renseignements g\u00e9n\u00e9raux, ceux-ci seront fournis gratuitement. Le demandeur sera alors orient\u00e9 vers l'annuaire des entreprises de la CCIIF en ligne, qui comprend une FAQ, une liste de contacts sugg\u00e9r\u00e9s et la liste\u2026","rel":"","context":"Similar post","block_context":{"text":"Similar post","link":""},"img":{"alt_text":"","src":"","width":0,"height":0},"classes":[]},{"id":4020,"url":"https:\/\/cciif.org\/cciif-chambre-de-commerce-et-dindustrie-israel\/","url_meta":{"origin":4458,"position":1},"title":"CCIIF &#8211; Chambre de Commerce et d\u2019Industrie Isra\u00ebl","author":"webmaster","date":"04\/11\/2019","format":false,"excerpt":"CHAMBRE DE COMMERCE ET D'INDUSTRIE ISRA\u00cbL - FRANCE LA PORTE D'ENTR\u00c9E VERSL'UNION EUROP\u00c9ENNE \u00c0 VENIR : Troph\u00e9es CCIIF 2026, Tel-Aviv \u2013 14 avril 2026 Newsletter Prochains \u00e9v\u00e9nements Aper\u00e7u du CCIIF Conseil d'administration Contactez-nous Espace membre Bienvenue sur le site web de la CCIIF Bienvenue sur le site web de la\u2026","rel":"","context":"Similar post","block_context":{"text":"Similar post","link":""},"img":{"alt_text":"","src":"https:\/\/i0.wp.com\/cciif.org\/wp-content\/uploads\/2026\/02\/302535819-603226568093617-4481832603352004367-n-gKzt-1.webp?fit=600%2C600&ssl=1&resize=350%2C200","width":350,"height":200,"srcset":"https:\/\/i0.wp.com\/cciif.org\/wp-content\/uploads\/2026\/02\/302535819-603226568093617-4481832603352004367-n-gKzt-1.webp?fit=600%2C600&ssl=1&resize=350%2C200 1x, https:\/\/i0.wp.com\/cciif.org\/wp-content\/uploads\/2026\/02\/302535819-603226568093617-4481832603352004367-n-gKzt-1.webp?fit=600%2C600&ssl=1&resize=525%2C300 1.5x"},"classes":[]},{"id":4273,"url":"https:\/\/cciif.org\/fr\/","url_meta":{"origin":4458,"position":2},"title":"CCIIF &#8211; Chambre de Commerce et d&#8217;Industrie Isra\u00ebl France","author":"webmaster","date":"04\/11\/2019","format":false,"excerpt":"CHAMBRE DE COMMERCE ET D'INDUSTRIE ISRA\u00cbL - FRANCE LA PORTE D'ENTR\u00c9E VERS L'UNION EUROP\u00c9ENNE \u00c0 VENIR : CCIIF After-work - 13 mai 2026 Newsletters Prochains \u00e9v\u00e9nements Aper\u00e7u de la CCIIF Conseil d'administration Contactez-nous Members Area Bienvenue sur le site web de la CCIIF Bienvenue sur le nouveau site internet de\u2026","rel":"","context":"Similar post","block_context":{"text":"Similar post","link":""},"img":{"alt_text":"","src":"https:\/\/i0.wp.com\/cciif.org\/wp-content\/uploads\/2026\/02\/302535819-603226568093617-4481832603352004367-n-gKzt-1.webp?fit=600%2C600&ssl=1&resize=350%2C200","width":350,"height":200,"srcset":"https:\/\/i0.wp.com\/cciif.org\/wp-content\/uploads\/2026\/02\/302535819-603226568093617-4481832603352004367-n-gKzt-1.webp?fit=600%2C600&ssl=1&resize=350%2C200 1x, https:\/\/i0.wp.com\/cciif.org\/wp-content\/uploads\/2026\/02\/302535819-603226568093617-4481832603352004367-n-gKzt-1.webp?fit=600%2C600&ssl=1&resize=525%2C300 1.5x"},"classes":[]},{"id":4511,"url":"https:\/\/cciif.org\/fr\/prix\/","url_meta":{"origin":4458,"position":3},"title":"PRIX","author":"webmaster","date":"13\/01\/2026","format":false,"excerpt":"Prix \u200b\u200bCCIIF 2025 Chaque ann\u00e9e, la Chambre de Commerce et d'Industrie Isra\u00ebl-France d\u00e9cerne des prix et des troph\u00e9es aux entreprises qui se sont distingu\u00e9es par leurs performances et leur activit\u00e9 commerciale entre la France et Isra\u00ebl. Dans le cadre de l'\u00e9dition 2025 des Troph\u00e9es CCIIF, la Chambre a r\u00e9compens\u00e9 trois\u2026","rel":"","context":"Similar post","block_context":{"text":"Similar post","link":""},"img":{"alt_text":"","src":"https:\/\/i0.wp.com\/webmasterae4b26db29-btkmi.wpcomstaging.com\/wp-content\/uploads\/2026\/03\/WhatsApp-Image-2025-06-05-at-20-QPWP.webp?resize=350%2C200&ssl=1","width":350,"height":200},"classes":[]},{"id":4387,"url":"https:\/\/cciif.org\/fr\/histoire-de-la-cciif\/","url_meta":{"origin":4458,"position":4},"title":"HISTOIRE DE LA CCIIF","author":"webmaster","date":"01\/02\/2026","format":false,"excerpt":"Bref historique de la Chambre La Chambre de commerce Isra\u00ebl-France est une institution reconnue qui a toujours su s'adapter \u00e0 l'\u00e9volution des circonstances et r\u00e9pondre aux besoins de ses membres. Fond\u00e9e en 1957 par Emmanuel Racine, qui en devint le premier pr\u00e9sident, elle a rejoint la Chambre de commerce internationale\u2026","rel":"","context":"Similar post","block_context":{"text":"Similar post","link":""},"img":{"alt_text":"","src":"https:\/\/i0.wp.com\/cciif.org\/wp-content\/uploads\/2026\/02\/image-8-A5Vr.webp?resize=350%2C200&ssl=1","width":350,"height":200},"classes":[]},{"id":4373,"url":"https:\/\/cciif.org\/fr\/apercu-du-cciif\/","url_meta":{"origin":4458,"position":5},"title":"APER\u00c7U DU CCIIF","author":"webmaster","date":"01\/02\/2026","format":false,"excerpt":"Notre Mission Contribuer \u00e0 promouvoir, renforcer et pr\u00e9server les liens \u00e9conomiques entre Isra\u00ebl et la France Notre Domaine Le commerce, l'industrie et la finance, ainsi que toutes les activit\u00e9s connexes Nos Ressources Cotisations, r\u00e9mun\u00e9ration des services, parrainage d'\u00e9v\u00e9nements, dons Nos Objectifs Promouvoir l'image de la France et son attractivit\u00e9 \u00e9conomique\u2026","rel":"","context":"Similar post","block_context":{"text":"Similar post","link":""},"img":{"alt_text":"","src":"","width":0,"height":0},"classes":[]}],"_links":{"self":[{"href":"https:\/\/cciif.org\/fr\/wp-json\/wp\/v2\/pages\/4458","targetHints":{"allow":["GET"]}}],"collection":[{"href":"https:\/\/cciif.org\/fr\/wp-json\/wp\/v2\/pages"}],"about":[{"href":"https:\/\/cciif.org\/fr\/wp-json\/wp\/v2\/types\/page"}],"author":[{"embeddable":true,"href":"https:\/\/cciif.org\/fr\/wp-json\/wp\/v2\/users\/275977639"}],"replies":[{"embeddable":true,"href":"https:\/\/cciif.org\/fr\/wp-json\/wp\/v2\/comments?post=4458"}],"version-history":[{"count":1,"href":"https:\/\/cciif.org\/fr\/wp-json\/wp\/v2\/pages\/4458\/revisions"}],"predecessor-version":[{"id":4462,"href":"https:\/\/cciif.org\/fr\/wp-json\/wp\/v2\/pages\/4458\/revisions\/4462"}],"wp:attachment":[{"href":"https:\/\/cciif.org\/fr\/wp-json\/wp\/v2\/media?parent=4458"}],"curies":[{"name":"wp","href":"https:\/\/api.w.org\/{rel}","templated":true}]}}