{"id":4457,"date":"2026-02-09T11:59:19","date_gmt":"2026-02-09T09:59:19","guid":{"rendered":"https:\/\/cciif.org\/espace-membres\/"},"modified":"2026-04-11T22:43:07","modified_gmt":"2026-04-11T19:43:07","slug":"espace-membres","status":"publish","type":"page","link":"https:\/\/cciif.org\/fr\/espace-membres\/","title":{"rendered":"ESPACE MEMBRES"},"content":{"rendered":"","protected":true},"excerpt":{"rendered":"","protected":true},"author":275977639,"featured_media":0,"parent":0,"menu_order":0,"comment_status":"closed","ping_status":"closed","template":"","meta":{"_crdt_document":"","advanced_seo_description":"","jetpack_seo_html_title":"","jetpack_seo_noindex":false,"_price":"","_stock":"","_tribe_ticket_header":"","_tribe_default_ticket_provider":"","_tribe_ticket_capacity":"","_ticket_start_date":"","_ticket_end_date":"","_tribe_ticket_show_description":"","_tribe_ticket_show_not_going":false,"_tribe_ticket_use_global_stock":"","_tribe_ticket_global_stock_level":"","_global_stock_mode":"","_global_stock_cap":"","_tribe_rsvp_for_event":"","_tribe_ticket_going_count":"","_tribe_ticket_not_going_count":"","_tribe_tickets_list":"[]","_tribe_ticket_has_attendee_info_fields":false,"footnotes":""},"class_list":["post-4457","page","type-page","status-publish","post-password-required","hentry"],"jetpack_likes_enabled":true,"jetpack_sharing_enabled":true,"jetpack_shortlink":"https:\/\/wp.me\/Ph24nP-19T","jetpack-related-posts":[{"id":4476,"url":"https:\/\/cciif.org\/fr\/actualites-generales\/","url_meta":{"origin":4457,"position":0},"title":"ACTUALIT\u00c9S G\u00c9N\u00c9RALES","author":"webmaster","date":"06\/02\/2026","format":false,"excerpt":"Lire les actualit\u00e9s g\u00e9n\u00e9rales Le conseil municipal est compos\u00e9 de quatre conseillers \u00e9lus au suffrage universel qui repr\u00e9sentent l'ensemble de la ville, et de neuf conseillers de district qui repr\u00e9sentent des zones sp\u00e9cifiques de la ville.","rel":"","context":"Similar post","block_context":{"text":"Similar post","link":""},"img":{"alt_text":"","src":"","width":0,"height":0},"classes":[]},{"id":4347,"url":"https:\/\/cciif.org\/fr\/politique-de-services\/","url_meta":{"origin":4457,"position":1},"title":"POLITIQUE DE SERVICES","author":"webmaster","date":"09\/04\/2026","format":false,"excerpt":"Politique de services du CCIIF \u2013 Mars 2026 Si le bureau de la CCIIF est sollicit\u00e9 pour des renseignements g\u00e9n\u00e9raux, ceux-ci seront fournis gratuitement. Le demandeur sera alors orient\u00e9 vers l'annuaire des entreprises de la CCIIF en ligne, qui comprend une FAQ, une liste de contacts sugg\u00e9r\u00e9s et la liste\u2026","rel":"","context":"Similar post","block_context":{"text":"Similar post","link":""},"img":{"alt_text":"","src":"","width":0,"height":0},"classes":[]},{"id":4387,"url":"https:\/\/cciif.org\/fr\/histoire-de-la-cciif\/","url_meta":{"origin":4457,"position":2},"title":"HISTOIRE DE LA CCIIF","author":"webmaster","date":"01\/02\/2026","format":false,"excerpt":"Bref historique de la Chambre La Chambre de commerce Isra\u00ebl-France est une institution reconnue qui a toujours su s'adapter \u00e0 l'\u00e9volution des circonstances et r\u00e9pondre aux besoins de ses membres. Fond\u00e9e en 1957 par Emmanuel Racine, qui en devint le premier pr\u00e9sident, elle a rejoint la Chambre de commerce internationale\u2026","rel":"","context":"Similar post","block_context":{"text":"Similar post","link":""},"img":{"alt_text":"","src":"https:\/\/i0.wp.com\/cciif.org\/wp-content\/uploads\/2026\/02\/image-8-A5Vr.webp?resize=350%2C200&ssl=1","width":350,"height":200},"classes":[]},{"id":4373,"url":"https:\/\/cciif.org\/fr\/apercu-du-cciif\/","url_meta":{"origin":4457,"position":3},"title":"APER\u00c7U DU CCIIF","author":"webmaster","date":"01\/02\/2026","format":false,"excerpt":"Notre Mission Contribuer \u00e0 promouvoir, renforcer et pr\u00e9server les liens \u00e9conomiques entre Isra\u00ebl et la France Notre Domaine Le commerce, l'industrie et la finance, ainsi que toutes les activit\u00e9s connexes Nos Ressources Cotisations, r\u00e9mun\u00e9ration des services, parrainage d'\u00e9v\u00e9nements, dons Nos Objectifs Promouvoir l'image de la France et son attractivit\u00e9 \u00e9conomique\u2026","rel":"","context":"Similar post","block_context":{"text":"Similar post","link":""},"img":{"alt_text":"","src":"","width":0,"height":0},"classes":[]},{"id":4364,"url":"https:\/\/cciif.org\/fr\/conseil-dadministration-du-cciif\/","url_meta":{"origin":4457,"position":4},"title":"CONSEIL D&#8217;ADMINISTRATION","author":"webmaster","date":"01\/02\/2026","format":false,"excerpt":"\u00a0\u00a0\u00a0\u00a0\u00a0\u00a0\u00a0\u00a0\u00a0Anciens Pr\u00e9sidents","rel":"","context":"Similar post","block_context":{"text":"Similar post","link":""},"img":{"alt_text":"","src":"https:\/\/i0.wp.com\/webmasterae4b26db29-btkmi.wpcomstaging.com\/wp-content\/uploads\/2026\/02\/PHOTO-2026-02-13-12-05-31.webp?fit=1024%2C512&ssl=1&resize=350%2C200","width":350,"height":200,"srcset":"https:\/\/i0.wp.com\/webmasterae4b26db29-btkmi.wpcomstaging.com\/wp-content\/uploads\/2026\/02\/PHOTO-2026-02-13-12-05-31.webp?fit=1024%2C512&ssl=1&resize=350%2C200 1x, https:\/\/i0.wp.com\/webmasterae4b26db29-btkmi.wpcomstaging.com\/wp-content\/uploads\/2026\/02\/PHOTO-2026-02-13-12-05-31.webp?fit=1024%2C512&ssl=1&resize=525%2C300 1.5x, https:\/\/i0.wp.com\/webmasterae4b26db29-btkmi.wpcomstaging.com\/wp-content\/uploads\/2026\/02\/PHOTO-2026-02-13-12-05-31.webp?fit=1024%2C512&ssl=1&resize=700%2C400 2x"},"classes":[]},{"id":4020,"url":"https:\/\/cciif.org\/cciif-chambre-de-commerce-et-dindustrie-israel\/","url_meta":{"origin":4457,"position":5},"title":"CCIIF &#8211; Chambre de Commerce et d\u2019Industrie Isra\u00ebl","author":"webmaster","date":"04\/11\/2019","format":false,"excerpt":"CHAMBRE DE COMMERCE ET D'INDUSTRIE ISRA\u00cbL - FRANCE LA PORTE D'ENTR\u00c9E VERSL'UNION EUROP\u00c9ENNE \u00c0 VENIR : Troph\u00e9es CCIIF 2026, Tel-Aviv \u2013 14 avril 2026 Newsletter Prochains \u00e9v\u00e9nements Aper\u00e7u du CCIIF Conseil d'administration Contactez-nous Espace membre Bienvenue sur le site web de la CCIIF Bienvenue sur le site web de la\u2026","rel":"","context":"Similar post","block_context":{"text":"Similar post","link":""},"img":{"alt_text":"","src":"https:\/\/i0.wp.com\/cciif.org\/wp-content\/uploads\/2026\/02\/302535819-603226568093617-4481832603352004367-n-gKzt-1.webp?fit=600%2C600&ssl=1&resize=350%2C200","width":350,"height":200,"srcset":"https:\/\/i0.wp.com\/cciif.org\/wp-content\/uploads\/2026\/02\/302535819-603226568093617-4481832603352004367-n-gKzt-1.webp?fit=600%2C600&ssl=1&resize=350%2C200 1x, https:\/\/i0.wp.com\/cciif.org\/wp-content\/uploads\/2026\/02\/302535819-603226568093617-4481832603352004367-n-gKzt-1.webp?fit=600%2C600&ssl=1&resize=525%2C300 1.5x"},"classes":[]}],"_links":{"self":[{"href":"https:\/\/cciif.org\/fr\/wp-json\/wp\/v2\/pages\/4457","targetHints":{"allow":["GET"]}}],"collection":[{"href":"https:\/\/cciif.org\/fr\/wp-json\/wp\/v2\/pages"}],"about":[{"href":"https:\/\/cciif.org\/fr\/wp-json\/wp\/v2\/types\/page"}],"author":[{"embeddable":true,"href":"https:\/\/cciif.org\/fr\/wp-json\/wp\/v2\/users\/275977639"}],"replies":[{"embeddable":true,"href":"https:\/\/cciif.org\/fr\/wp-json\/wp\/v2\/comments?post=4457"}],"version-history":[{"count":2,"href":"https:\/\/cciif.org\/fr\/wp-json\/wp\/v2\/pages\/4457\/revisions"}],"predecessor-version":[{"id":4465,"href":"https:\/\/cciif.org\/fr\/wp-json\/wp\/v2\/pages\/4457\/revisions\/4465"}],"wp:attachment":[{"href":"https:\/\/cciif.org\/fr\/wp-json\/wp\/v2\/media?parent=4457"}],"curies":[{"name":"wp","href":"https:\/\/api.w.org\/{rel}","templated":true}]}}