{"id":4351,"date":"2026-04-09T21:52:25","date_gmt":"2026-04-09T18:52:25","guid":{"rendered":"https:\/\/cciif.org\/avantages\/"},"modified":"2026-04-09T22:20:46","modified_gmt":"2026-04-09T19:20:46","slug":"avantages","status":"publish","type":"page","link":"https:\/\/cciif.org\/fr\/avantages\/","title":{"rendered":"AVANTAGES"},"content":{"rendered":"\t\t<div data-elementor-type=\"wp-page\" data-elementor-id=\"4351\" class=\"elementor elementor-4351 elementor-4319\">\n\t\t\t\t<div class=\"elementor-element elementor-element-14124b7 e-flex e-con-boxed e-con e-parent\" data-id=\"14124b7\" data-element_type=\"container\" data-e-type=\"container\">\n\t\t\t\t\t<div class=\"e-con-inner\">\n\t\t\t\t<div class=\"elementor-element elementor-element-6b9d4e8 elementor-widget elementor-widget-shortcode\" data-id=\"6b9d4e8\" data-element_type=\"widget\" data-e-type=\"widget\" data-widget_type=\"shortcode.default\">\n\t\t\t\t\t\t\t<div class=\"elementor-shortcode\">\n<div\n    class='wp-block-pdfp-pdf-poster  alignnone'\n    id='block-2'\n    data-attributes='{&quot;uniqueId&quot;:&quot;pdfp1&quot;,&quot;file&quot;:&quot;https:\\\/\\\/cciif.org\\\/wp-content\\\/uploads\\\/2026\\\/04\\\/CCIIF-2026-MEMBERSHIP-BENEFITS.pdf&quot;,&quot;title&quot;:&quot;CCIIF MEMBERSHIP BENEFITS 2026&quot;,&quot;height&quot;:&quot;842px&quot;,&quot;width&quot;:&quot;100%&quot;,&quot;print&quot;:false,&quot;fullscreenButton&quot;:&quot;1&quot;,&quot;fullscreenButtonText&quot;:&quot;View Fullscreen&quot;,&quot;newWindow&quot;:false,&quot;showName&quot;:true,&quot;downloadButton&quot;:true,&quot;downloadButtonText&quot;:&quot;Download File&quot;,&quot;protect&quot;:false,&quot;onlyPDF&quot;:false,&quot;defaultBrowser&quot;:false,&quot;thumbMenu&quot;:false,&quot;initialPage&quot;:0,&quot;sidebarOpen&quot;:false,&quot;lastVersion&quot;:false,&quot;hrScroll&quot;:0,&quot;alert&quot;:false,&quot;btnStyles&quot;:{&quot;background&quot;:&quot;#1e73be&quot;,&quot;color&quot;:&quot;#fff&quot;,&quot;fontSize&quot;:&quot;1rem&quot;,&quot;padding&quot;:{&quot;top&quot;:10,&quot;right&quot;:20,&quot;bottom&quot;:10,&quot;left&quot;:10}},&quot;popupOptions&quot;:{&quot;enabled&quot;:0,&quot;text&quot;:&quot;Open PDF&quot;,&quot;triggerType&quot;:&quot;button&quot;,&quot;image&quot;:&quot;&quot;,&quot;imageHeight&quot;:&quot;200px&quot;,&quot;imageWidth&quot;:&quot;300px&quot;,&quot;imagePdfIcon&quot;:true,&quot;triggerAlignment&quot;:&quot;center&quot;,&quot;btnStyle&quot;:{&quot;background&quot;:&quot;#1e73be&quot;,&quot;color&quot;:&quot;#fff&quot;,&quot;fontSize&quot;:&quot;1rem&quot;,&quot;padding&quot;:{&quot;top&quot;:10,&quot;right&quot;:20,&quot;bottom&quot;:10,&quot;left&quot;:10}}},&quot;actionsPosition&quot;:&quot;top&quot;,&quot;socialShare&quot;:{&quot;enabled&quot;:false,&quot;facebook&quot;:true,&quot;twitter&quot;:true,&quot;linkedin&quot;:true,&quot;pinterest&quot;:true,&quot;position&quot;:&quot;top&quot;},&quot;adobeEmbedder&quot;:false,&quot;align&quot;:&quot;none&quot;,&quot;alignment&quot;:&quot;left&quot;,&quot;titleFontSize&quot;:&quot;16px&quot;,&quot;isHideRightToolbar&quot;:false,&quot;additional&quot;:{&quot;ID&quot;:&quot;&quot;,&quot;Class&quot;:&quot;&quot;,&quot;CSS&quot;:&quot;&quot;},&quot;adobeOptions&quot;:{&quot;showDownloadPDF&quot;:true,&quot;showPrintPDF&quot;:true,&quot;showAnnotationTools&quot;:true,&quot;showFullScreen&quot;:false,&quot;embedMode&quot;:&quot;SIZED_CONTAINER&quot;},&quot;popupBtnStyle&quot;:{&quot;background&quot;:&quot;#2271b1&quot;,&quot;color&quot;:&quot;#fff&quot;,&quot;padding&quot;:{&quot;top&quot;:10,&quot;right&quot;:20,&quot;bottom&quot;:10,&quot;left&quot;:10}},&quot;popupBtnText&quot;:&quot;Open Document&quot;,&quot;CSS&quot;:&quot;&quot;,&quot;isPremium&quot;:false}'\n    style=\"text-align: left\">\n            <div class=\"pdfp_loading_placeholder\" style=\"height: 842px; width: 100%; display: flex; align-items: center; justify-content: center; background: #f5f5f5; border: 1px solid #ddd;\">\n             <p>Loading Viewer...<\/p>\n        <\/div>\n    <\/div>\n<\/div>\n\t\t\t\t\t\t<\/div>\n\t\t\t\t\t<\/div>\n\t\t\t\t<\/div>\n\t\t\t\t<\/div>\n\t\t","protected":false},"excerpt":{"rendered":"","protected":false},"author":275977636,"featured_media":0,"parent":0,"menu_order":0,"comment_status":"closed","ping_status":"closed","template":"","meta":{"_crdt_document":"","advanced_seo_description":"","jetpack_seo_html_title":"","jetpack_seo_noindex":false,"_price":"","_stock":"","_tribe_ticket_header":"","_tribe_default_ticket_provider":"","_tribe_ticket_capacity":"","_ticket_start_date":"","_ticket_end_date":"","_tribe_ticket_show_description":"","_tribe_ticket_show_not_going":false,"_tribe_ticket_use_global_stock":"","_tribe_ticket_global_stock_level":"","_global_stock_mode":"","_global_stock_cap":"","_tribe_rsvp_for_event":"","_tribe_ticket_going_count":"","_tribe_ticket_not_going_count":"","_tribe_tickets_list":"[]","_tribe_ticket_has_attendee_info_fields":false,"footnotes":""},"class_list":["post-4351","page","type-page","status-publish","hentry"],"jetpack_likes_enabled":true,"jetpack_sharing_enabled":true,"jetpack_shortlink":"https:\/\/wp.me\/Ph24nP-18b","jetpack-related-posts":[{"id":4349,"url":"https:\/\/cciif.org\/he\/%d7%94%d7%98%d7%91%d7%95%d7%aa\/","url_meta":{"origin":4351,"position":0},"title":"\u05d4\u05d8\u05d1\u05d5\u05ea","author":"webmaster","date":"09\/04\/2026","format":false,"excerpt":"","rel":"","context":"Similar post","block_context":{"text":"Similar post","link":""},"img":{"alt_text":"","src":"","width":0,"height":0},"classes":[]},{"id":4319,"url":"https:\/\/cciif.org\/benefits\/","url_meta":{"origin":4351,"position":1},"title":"BENEFITS","author":"webmaster","date":"09\/04\/2026","format":false,"excerpt":"","rel":"","context":"Similar post","block_context":{"text":"Similar post","link":""},"img":{"alt_text":"","src":"","width":0,"height":0},"classes":[]},{"id":4373,"url":"https:\/\/cciif.org\/fr\/apercu-du-cciif\/","url_meta":{"origin":4351,"position":2},"title":"APER\u00c7U DU CCIIF","author":"webmaster","date":"01\/02\/2026","format":false,"excerpt":"Notre Mission Contribuer \u00e0 promouvoir, renforcer et pr\u00e9server les liens \u00e9conomiques entre Isra\u00ebl et la France Notre Domaine Le commerce, l'industrie et la finance, ainsi que toutes les activit\u00e9s connexes Nos Ressources Cotisations, r\u00e9mun\u00e9ration des services, parrainage d'\u00e9v\u00e9nements, dons Nos Objectifs Promouvoir l'image de la France et son attractivit\u00e9 \u00e9conomique\u2026","rel":"","context":"Similar post","block_context":{"text":"Similar post","link":""},"img":{"alt_text":"","src":"","width":0,"height":0},"classes":[]},{"id":2265,"url":"https:\/\/cciif.org\/cciif-board\/","url_meta":{"origin":4351,"position":3},"title":"CCIIF BOARD","author":"webmaster","date":"01\/02\/2026","format":false,"excerpt":"\u00a0\u00a0\u00a0\u00a0\u00a0\u00a0\u00a0\u00a0\u00a0Past Chairmen","rel":"","context":"Similar post","block_context":{"text":"Similar post","link":""},"img":{"alt_text":"","src":"https:\/\/i0.wp.com\/cciif.org\/wp-content\/uploads\/2026\/02\/PHOTO-2026-02-13-12-05-31-1024x512.png?resize=350%2C200&ssl=1","width":350,"height":200,"srcset":"https:\/\/i0.wp.com\/cciif.org\/wp-content\/uploads\/2026\/02\/PHOTO-2026-02-13-12-05-31-1024x512.png?resize=350%2C200&ssl=1 1x, https:\/\/i0.wp.com\/cciif.org\/wp-content\/uploads\/2026\/02\/PHOTO-2026-02-13-12-05-31-1024x512.png?resize=525%2C300&ssl=1 1.5x, https:\/\/i0.wp.com\/cciif.org\/wp-content\/uploads\/2026\/02\/PHOTO-2026-02-13-12-05-31-1024x512.png?resize=700%2C400&ssl=1 2x"},"classes":[]},{"id":4364,"url":"https:\/\/cciif.org\/fr\/conseil-dadministration-du-cciif\/","url_meta":{"origin":4351,"position":4},"title":"CONSEIL D&#8217;ADMINISTRATION","author":"webmaster","date":"01\/02\/2026","format":false,"excerpt":"\u00a0\u00a0\u00a0\u00a0\u00a0\u00a0\u00a0\u00a0\u00a0Anciens Pr\u00e9sidents","rel":"","context":"Similar post","block_context":{"text":"Similar post","link":""},"img":{"alt_text":"","src":"https:\/\/i0.wp.com\/webmasterae4b26db29-btkmi.wpcomstaging.com\/wp-content\/uploads\/2026\/02\/PHOTO-2026-02-13-12-05-31.webp?fit=1024%2C512&ssl=1&resize=350%2C200","width":350,"height":200,"srcset":"https:\/\/i0.wp.com\/webmasterae4b26db29-btkmi.wpcomstaging.com\/wp-content\/uploads\/2026\/02\/PHOTO-2026-02-13-12-05-31.webp?fit=1024%2C512&ssl=1&resize=350%2C200 1x, https:\/\/i0.wp.com\/webmasterae4b26db29-btkmi.wpcomstaging.com\/wp-content\/uploads\/2026\/02\/PHOTO-2026-02-13-12-05-31.webp?fit=1024%2C512&ssl=1&resize=525%2C300 1.5x, https:\/\/i0.wp.com\/webmasterae4b26db29-btkmi.wpcomstaging.com\/wp-content\/uploads\/2026\/02\/PHOTO-2026-02-13-12-05-31.webp?fit=1024%2C512&ssl=1&resize=700%2C400 2x"},"classes":[]},{"id":4359,"url":"https:\/\/cciif.org\/he\/%d7%9e%d7%95%d7%a2%d7%a6%d7%aa-cciif\/","url_meta":{"origin":4351,"position":5},"title":"\u05de\u05d5\u05e2\u05e6\u05ea CCIIF","author":"webmaster","date":"01\/02\/2026","format":false,"excerpt":"\u00a0\u00a0\u00a0\u00a0\u00a0\u00a0\u00a0\u00a0\u00a0\u05d9\u05d5\u05e9\u05d1\u05d9 \u05e8\u05d0\u05e9 \u05e7\u05d5\u05d3\u05de\u05d9\u05dd","rel":"","context":"Similar post","block_context":{"text":"Similar post","link":""},"img":{"alt_text":"","src":"https:\/\/i0.wp.com\/cciif.org\/wp-content\/uploads\/2026\/02\/PHOTO-2026-02-13-12-05-31-1024x512.png?resize=350%2C200&ssl=1","width":350,"height":200,"srcset":"https:\/\/i0.wp.com\/cciif.org\/wp-content\/uploads\/2026\/02\/PHOTO-2026-02-13-12-05-31-1024x512.png?resize=350%2C200&ssl=1 1x, https:\/\/i0.wp.com\/cciif.org\/wp-content\/uploads\/2026\/02\/PHOTO-2026-02-13-12-05-31-1024x512.png?resize=525%2C300&ssl=1 1.5x, https:\/\/i0.wp.com\/cciif.org\/wp-content\/uploads\/2026\/02\/PHOTO-2026-02-13-12-05-31-1024x512.png?resize=700%2C400&ssl=1 2x"},"classes":[]}],"_links":{"self":[{"href":"https:\/\/cciif.org\/fr\/wp-json\/wp\/v2\/pages\/4351","targetHints":{"allow":["GET"]}}],"collection":[{"href":"https:\/\/cciif.org\/fr\/wp-json\/wp\/v2\/pages"}],"about":[{"href":"https:\/\/cciif.org\/fr\/wp-json\/wp\/v2\/types\/page"}],"author":[{"embeddable":true,"href":"https:\/\/cciif.org\/fr\/wp-json\/wp\/v2\/users\/275977636"}],"replies":[{"embeddable":true,"href":"https:\/\/cciif.org\/fr\/wp-json\/wp\/v2\/comments?post=4351"}],"version-history":[{"count":1,"href":"https:\/\/cciif.org\/fr\/wp-json\/wp\/v2\/pages\/4351\/revisions"}],"predecessor-version":[{"id":4352,"href":"https:\/\/cciif.org\/fr\/wp-json\/wp\/v2\/pages\/4351\/revisions\/4352"}],"wp:attachment":[{"href":"https:\/\/cciif.org\/fr\/wp-json\/wp\/v2\/media?parent=4351"}],"curies":[{"name":"wp","href":"https:\/\/api.w.org\/{rel}","templated":true}]}}